{"id":353,"date":"2022-04-18T09:48:44","date_gmt":"2022-04-18T07:48:44","guid":{"rendered":"https:\/\/audreysproule.org\/?page_id=353"},"modified":"2023-10-02T14:32:04","modified_gmt":"2023-10-02T12:32:04","slug":"quatuor-odyssee-2","status":"publish","type":"page","link":"https:\/\/audreysproule.com\/index.php\/quatuor-odyssee-2\/","title":{"rendered":"Quatuor Odyss\u00e9e"},"content":{"rendered":"\n<div class=\"traducteure\">\n<ul class=\"traducteure\">\n<li><a href=\"https:\/\/audreysproule.com\/index.php\/quatuor-odyssee\/\">english version<\/a><\/li>\n<\/ul>\n<\/div>\n\n\n\n<figure class=\"wp-block-image size-large\"><a href=\"https:\/\/audreysproule.com\/wp-content\/uploads\/2022\/12\/9-ODYSSEE-scaled.jpg\"><img loading=\"lazy\" decoding=\"async\" width=\"1024\" height=\"683\" src=\"https:\/\/audreysproule.com\/wp-content\/uploads\/2022\/12\/9-ODYSSEE-1024x683.jpg\" alt=\"\" class=\"wp-image-706\" srcset=\"https:\/\/audreysproule.com\/wp-content\/uploads\/2022\/12\/9-ODYSSEE-1024x683.jpg 1024w, https:\/\/audreysproule.com\/wp-content\/uploads\/2022\/12\/9-ODYSSEE-300x200.jpg 300w, https:\/\/audreysproule.com\/wp-content\/uploads\/2022\/12\/9-ODYSSEE-768x512.jpg 768w, https:\/\/audreysproule.com\/wp-content\/uploads\/2022\/12\/9-ODYSSEE-1536x1024.jpg 1536w, https:\/\/audreysproule.com\/wp-content\/uploads\/2022\/12\/9-ODYSSEE-2048x1366.jpg 2048w, https:\/\/audreysproule.com\/wp-content\/uploads\/2022\/12\/9-ODYSSEE-1568x1045.jpg 1568w\" sizes=\"auto, (max-width: 1024px) 100vw, 1024px\" \/><\/a><\/figure>\n\n\n\n<p>Form\u00e9 en 2022 \u00e0 Paris, le Quatuor Odyss\u00e9e est engag\u00e9 dans une d\u00e9marche artistique innovante. Leur objectif est de transporter le riche h\u00e9ritage du quatuor \u00e0 cordes vers une nouvelle sph\u00e8re. A travers des projets os\u00e9s et innovants, ils transforment les contours des concerts traditionnels, alliant cr\u00e9ation musicale, \u0153uvres du r\u00e9pertoire, afin de connecter avec de nouveaux publics.&nbsp;<\/p>\n\n\n\n<p>Dans une volont\u00e9 constante d&rsquo;\u00e9largir leur champ artistique, le quatuor fait \u00e9quipe avec des metteurs en sc\u00e8ne, des compositeurs et des com\u00e9diens. Dans son spectacle musical Invitation au voyage en collaboration avec la chanteuse-com\u00e9dienne franco-japonaise Elsa Tsuya-Mionet, le quatuor met en avant des liens particuliers entre la musique occidentale et la culture japonaise, notamment \u00e0 travers le Quatuor de Debussy et les Six Bagatelles Op. 9 d&rsquo;Anton Webern, en dialogue avec des ha\u00efkus r\u00e9cit\u00e9s en japonais.\n&nbsp;<\/p>\n\n\n\n<p>Ayant pour objectif de partager leur passion pour leur art avec des publics plus \u00e9largis, le Quatuor Odyss\u00e9e a \u00e9t\u00e9 invit\u00e9 par ProQuartet &#8211; Centre de Musique de Chambre Europ\u00e9enne \u00e0 donner des concerts de m\u00e9diation dans la r\u00e9gion parisienne.<\/p>\n\n\n\n<p>Les membres du Quatuor Odyss\u00e9e ont un parcours riche et diversifi\u00e9, avec des formations en France, en Allemagne, aux \u00c9tats-Unis et au Canada. Ils travaillent r\u00e9guli\u00e8rement avec Ya\u00efr Bena\u00efm (ex-Quatuor Bena\u00efm), et ils ont \u00e9galement particip\u00e9 \u00e0 des masterclasses avec Mathieu Herzog (ex-Quatuor Eb\u00e8ne) et Jana Kuss (Kuss Quartett). En janvier 2023, ils ont \u00e9t\u00e9 demi-finalistes du Gran Premi Musical Lauredi\u00e0 en Andorre. Le quatuor re\u00e7oit le soutien du Conseil des Arts du Canada, de la Ville de Paris, de la Maison de la Musique Contemporaine.<\/p>\n\n\n\n<p><a href=\"https:\/\/quatuorodyssee.com\/\">En savoir plus<\/a><\/p>\n\n\n\n<p><\/p>\n\n\n\n<div style=\"height:20px\" aria-hidden=\"true\" class=\"wp-block-spacer\"><\/div>\n","protected":false},"excerpt":{"rendered":"<p>english version Form\u00e9 en 2022 \u00e0 Paris, le Quatuor Odyss\u00e9e est engag\u00e9 dans une d\u00e9marche artistique innovante. Leur objectif est de transporter le riche h\u00e9ritage du quatuor \u00e0 cordes vers une nouvelle sph\u00e8re. A travers des projets os\u00e9s et innovants, ils transforment les contours des concerts traditionnels, alliant cr\u00e9ation musicale, \u0153uvres du r\u00e9pertoire, afin de&hellip; <a class=\"more-link\" href=\"https:\/\/audreysproule.com\/index.php\/quatuor-odyssee-2\/\">Poursuivre la lecture <span class=\"screen-reader-text\">Quatuor Odyss\u00e9e<\/span><\/a><\/p>\n","protected":false},"author":1,"featured_media":0,"parent":0,"menu_order":0,"comment_status":"closed","ping_status":"closed","template":"","meta":{"footnotes":""},"class_list":["post-353","page","type-page","status-publish","hentry","entry"],"_links":{"self":[{"href":"https:\/\/audreysproule.com\/index.php\/wp-json\/wp\/v2\/pages\/353","targetHints":{"allow":["GET"]}}],"collection":[{"href":"https:\/\/audreysproule.com\/index.php\/wp-json\/wp\/v2\/pages"}],"about":[{"href":"https:\/\/audreysproule.com\/index.php\/wp-json\/wp\/v2\/types\/page"}],"author":[{"embeddable":true,"href":"https:\/\/audreysproule.com\/index.php\/wp-json\/wp\/v2\/users\/1"}],"replies":[{"embeddable":true,"href":"https:\/\/audreysproule.com\/index.php\/wp-json\/wp\/v2\/comments?post=353"}],"version-history":[{"count":21,"href":"https:\/\/audreysproule.com\/index.php\/wp-json\/wp\/v2\/pages\/353\/revisions"}],"predecessor-version":[{"id":778,"href":"https:\/\/audreysproule.com\/index.php\/wp-json\/wp\/v2\/pages\/353\/revisions\/778"}],"wp:attachment":[{"href":"https:\/\/audreysproule.com\/index.php\/wp-json\/wp\/v2\/media?parent=353"}],"curies":[{"name":"wp","href":"https:\/\/api.w.org\/{rel}","templated":true}]}}